{"id":136,"date":"2018-04-16T11:05:23","date_gmt":"2018-04-16T09:05:23","guid":{"rendered":"http:\/\/winnepola.pl\/?page_id=136"},"modified":"2025-11-25T09:44:59","modified_gmt":"2025-11-25T08:44:59","slug":"aktualnosci","status":"publish","type":"page","link":"https:\/\/winnepola.pl\/en\/aktualnosci\/","title":{"rendered":"News"},"content":{"rendered":"<div data-elementor-type=\"wp-post\" data-elementor-id=\"136\" class=\"elementor elementor-136\" data-elementor-post-type=\"page\">\n\t\t\t\t\t\t<section class=\"elementor-section elementor-top-section elementor-element elementor-element-553392bd elementor-section-height-min-height elementor-section-boxed elementor-section-height-default elementor-section-items-middle\" data-id=\"553392bd\" data-element_type=\"section\" data-e-type=\"section\" data-settings=\"{&quot;background_background&quot;:&quot;classic&quot;}\">\n\t\t\t\t\t\t\t<div class=\"elementor-background-overlay\"><\/div>\n\t\t\t\t\t\t\t<div class=\"elementor-container elementor-column-gap-no\">\n\t\t\t\t\t<div class=\"elementor-column elementor-col-100 elementor-top-column elementor-element elementor-element-3d1425b4\" data-id=\"3d1425b4\" data-element_type=\"column\" data-e-type=\"column\">\n\t\t\t<div class=\"elementor-widget-wrap elementor-element-populated\">\n\t\t\t\t\t\t<div class=\"elementor-element elementor-element-219565b3 elementor-widget elementor-widget-heading\" data-id=\"219565b3\" data-element_type=\"widget\" data-e-type=\"widget\" data-widget_type=\"heading.default\">\n\t\t\t\t<div class=\"elementor-widget-container\">\n\t\t\t\t\t<h3 class=\"elementor-heading-title elementor-size-default\">News<\/h3>\t\t\t\t<\/div>\n\t\t\t\t<\/div>\n\t\t\t\t<div class=\"elementor-element elementor-element-28b9e24f elementor-widget-divider--view-line elementor-widget elementor-widget-divider\" data-id=\"28b9e24f\" data-element_type=\"widget\" data-e-type=\"widget\" data-widget_type=\"divider.default\">\n\t\t\t\t<div class=\"elementor-widget-container\">\n\t\t\t\t\t\t\t<div class=\"elementor-divider\">\n\t\t\t<span class=\"elementor-divider-separator\">\n\t\t\t\t\t\t<\/span>\n\t\t<\/div>\n\t\t\t\t\t\t<\/div>\n\t\t\t\t<\/div>\n\t\t\t\t\t<\/div>\n\t\t<\/div>\n\t\t\t\t\t<\/div>\n\t\t<\/section>\n\t\t\t\t<section class=\"elementor-section elementor-top-section elementor-element elementor-element-11a1b27f elementor-section-height-min-height elementor-section-boxed elementor-section-height-default elementor-section-items-middle\" data-id=\"11a1b27f\" data-element_type=\"section\" data-e-type=\"section\" data-settings=\"{&quot;background_background&quot;:&quot;classic&quot;}\">\n\t\t\t\t\t\t<div class=\"elementor-container elementor-column-gap-default\">\n\t\t\t\t\t<div class=\"elementor-column elementor-col-100 elementor-top-column elementor-element elementor-element-5c456fe\" data-id=\"5c456fe\" data-element_type=\"column\" data-e-type=\"column\">\n\t\t\t<div class=\"elementor-widget-wrap elementor-element-populated\">\n\t\t\t\t\t\t<div class=\"elementor-element elementor-element-7692400 elementor-grid-3 elementor-grid-tablet-2 elementor-grid-mobile-1 elementor-posts--thumbnail-top elementor-posts--show-avatar elementor-card-shadow-yes elementor-posts__hover-gradient elementor-widget elementor-widget-posts\" data-id=\"7692400\" data-element_type=\"widget\" data-e-type=\"widget\" data-settings=\"{&quot;pagination_type&quot;:&quot;numbers_and_prev_next&quot;,&quot;cards_row_gap&quot;:{&quot;unit&quot;:&quot;px&quot;,&quot;size&quot;:34,&quot;sizes&quot;:[]},&quot;cards_columns&quot;:&quot;3&quot;,&quot;cards_columns_tablet&quot;:&quot;2&quot;,&quot;cards_columns_mobile&quot;:&quot;1&quot;,&quot;cards_row_gap_tablet&quot;:{&quot;unit&quot;:&quot;px&quot;,&quot;size&quot;:&quot;&quot;,&quot;sizes&quot;:[]},&quot;cards_row_gap_mobile&quot;:{&quot;unit&quot;:&quot;px&quot;,&quot;size&quot;:&quot;&quot;,&quot;sizes&quot;:[]}}\" data-widget_type=\"posts.cards\">\n\t\t\t\t<div class=\"elementor-widget-container\">\n\t\t\t\t\t\t\t<div class=\"elementor-posts-container elementor-posts elementor-posts--skin-cards elementor-grid\" role=\"list\">\n\t\t\t\t<article class=\"elementor-post elementor-grid-item post-1526 post type-post status-publish format-standard has-post-thumbnail hentry category-o-nas entry has-media\" role=\"listitem\">\n\t\t\t<div class=\"elementor-post__card\">\n\t\t\t\t<a class=\"elementor-post__thumbnail__link\" href=\"https:\/\/winnepola.pl\/en\/o-tym-jakie-znaczenie-w-osiagnieciu-sukcesu-w-restauracji-ma-perfekcyjny-serwis-znajacy-techniki-sprzedazy-dodatkowej-opowiada-nam-grzegorz-wejer-2\/\" tabindex=\"-1\" ><div class=\"elementor-post__thumbnail\"><img fetchpriority=\"high\" decoding=\"async\" width=\"296\" height=\"300\" src=\"https:\/\/winnepola.pl\/wp-content\/uploads\/2025\/01\/katalog-Winne-Pola-296x300.jpg\" class=\"attachment-medium size-medium wp-image-1528\" alt=\"\" srcset=\"https:\/\/winnepola.pl\/wp-content\/uploads\/2025\/01\/katalog-Winne-Pola-296x300.jpg 296w, https:\/\/winnepola.pl\/wp-content\/uploads\/2025\/01\/katalog-Winne-Pola-1010x1024.jpg 1010w, https:\/\/winnepola.pl\/wp-content\/uploads\/2025\/01\/katalog-Winne-Pola-768x779.jpg 768w, https:\/\/winnepola.pl\/wp-content\/uploads\/2025\/01\/katalog-Winne-Pola-1514x1536.jpg 1514w, https:\/\/winnepola.pl\/wp-content\/uploads\/2025\/01\/katalog-Winne-Pola-2019x2048.jpg 2019w, https:\/\/winnepola.pl\/wp-content\/uploads\/2025\/01\/katalog-Winne-Pola-12x12.jpg 12w\" sizes=\"(max-width: 296px) 100vw, 296px\" \/><\/div><\/a>\n\t\t\t\t<div class=\"elementor-post__badge\">About us<\/div>\n\t\t\t\t<div class=\"elementor-post__avatar\">\n\t\t\t\t\t<\/div>\n\t\t\t\t<div class=\"elementor-post__text\">\n\t\t\t\t<h3 class=\"elementor-post__title\">\n\t\t\t<a href=\"https:\/\/winnepola.pl\/en\/o-tym-jakie-znaczenie-w-osiagnieciu-sukcesu-w-restauracji-ma-perfekcyjny-serwis-znajacy-techniki-sprzedazy-dodatkowej-opowiada-nam-grzegorz-wejer-2\/\" >\n\t\t\t\tKATALOG WIN\t\t\t<\/a>\n\t\t<\/h3>\n\t\t\t\t<div class=\"elementor-post__excerpt\">\n\t\t\t<p>Poni\u017cej znajdziecie Pa\u0144stwo katalog win z naszej oferty. Selekcja win<\/p>\n\t\t<\/div>\n\t\t\n\t\t<a class=\"elementor-post__read-more\" href=\"https:\/\/winnepola.pl\/en\/o-tym-jakie-znaczenie-w-osiagnieciu-sukcesu-w-restauracji-ma-perfekcyjny-serwis-znajacy-techniki-sprzedazy-dodatkowej-opowiada-nam-grzegorz-wejer-2\/\" aria-label=\"Read more about KATALOG WIN\" tabindex=\"-1\" >\n\t\t\tRead more &quot;\t\t<\/a>\n\n\t\t\t\t<\/div>\n\t\t\t\t<div class=\"elementor-post__meta-data\">\n\t\t\t\t\t<span class=\"elementor-post-date\">\n\t\t\t24 January 2025\t\t<\/span>\n\t\t\t\t<\/div>\n\t\t\t\t\t<\/div>\n\t\t<\/article>\n\t\t\t\t<article class=\"elementor-post elementor-grid-item post-1471 post type-post status-publish format-standard has-post-thumbnail hentry category-o-nas entry has-media\" role=\"listitem\">\n\t\t\t<div class=\"elementor-post__card\">\n\t\t\t\t<a class=\"elementor-post__thumbnail__link\" href=\"https:\/\/winnepola.pl\/en\/o-tym-jakie-znaczenie-w-osiagnieciu-sukcesu-w-restauracji-ma-perfekcyjny-serwis-znajacy-techniki-sprzedazy-dodatkowej-opowiada-nam-grzegorz-wejer\/\" tabindex=\"-1\" ><div class=\"elementor-post__thumbnail\"><img decoding=\"async\" width=\"212\" height=\"300\" src=\"https:\/\/winnepola.pl\/wp-content\/uploads\/2025\/01\/PORADY-BRANZOWE-Wywiad-Grzegorz-Wejer-23.02.2024.jpg\" class=\"attachment-medium size-medium wp-image-1473\" alt=\"\" srcset=\"https:\/\/winnepola.pl\/wp-content\/uploads\/2025\/01\/PORADY-BRANZOWE-Wywiad-Grzegorz-Wejer-23.02.2024.jpg 212w, https:\/\/winnepola.pl\/wp-content\/uploads\/2025\/01\/PORADY-BRANZOWE-Wywiad-Grzegorz-Wejer-23.02.2024-8x12.jpg 8w\" sizes=\"(max-width: 212px) 100vw, 212px\" \/><\/div><\/a>\n\t\t\t\t<div class=\"elementor-post__badge\">About us<\/div>\n\t\t\t\t<div class=\"elementor-post__avatar\">\n\t\t\t\t\t<\/div>\n\t\t\t\t<div class=\"elementor-post__text\">\n\t\t\t\t<h3 class=\"elementor-post__title\">\n\t\t\t<a href=\"https:\/\/winnepola.pl\/en\/o-tym-jakie-znaczenie-w-osiagnieciu-sukcesu-w-restauracji-ma-perfekcyjny-serwis-znajacy-techniki-sprzedazy-dodatkowej-opowiada-nam-grzegorz-wejer\/\" >\n\t\t\t\tO tym, jakie znaczenie   w osi\u0105gni\u0119ciu sukcesu   w restauracji ma perfekcyjny   serwis znaj\u0105cy techniki   sprzeda\u017cy dodatkowej, opowiada nam Grzegorz Wejer.\t\t\t<\/a>\n\t\t<\/h3>\n\t\t\t\t<div class=\"elementor-post__excerpt\">\n\t\t\t<p>PORADY BRAN\u017bOWE &#8211; Wywiad &#8211; Grzegorz Wejer 23.02.2024<\/p>\n\t\t<\/div>\n\t\t\n\t\t<a class=\"elementor-post__read-more\" href=\"https:\/\/winnepola.pl\/en\/o-tym-jakie-znaczenie-w-osiagnieciu-sukcesu-w-restauracji-ma-perfekcyjny-serwis-znajacy-techniki-sprzedazy-dodatkowej-opowiada-nam-grzegorz-wejer\/\" aria-label=\"Read more about O tym, jakie znaczenie   w osi\u0105gni\u0119ciu sukcesu   w restauracji ma perfekcyjny   serwis znaj\u0105cy techniki   sprzeda\u017cy dodatkowej, opowiada nam Grzegorz Wejer.\" tabindex=\"-1\" >\n\t\t\tRead more &quot;\t\t<\/a>\n\n\t\t\t\t<\/div>\n\t\t\t\t<div class=\"elementor-post__meta-data\">\n\t\t\t\t\t<span class=\"elementor-post-date\">\n\t\t\t23 January 2025\t\t<\/span>\n\t\t\t\t<\/div>\n\t\t\t\t\t<\/div>\n\t\t<\/article>\n\t\t\t\t<article class=\"elementor-post elementor-grid-item post-1350 post type-post status-publish format-standard has-post-thumbnail hentry category-o-nas entry has-media\" role=\"listitem\">\n\t\t\t<div class=\"elementor-post__card\">\n\t\t\t\t<a class=\"elementor-post__thumbnail__link\" href=\"https:\/\/winnepola.pl\/en\/pfr-2-0\/\" tabindex=\"-1\" ><div class=\"elementor-post__thumbnail\"><img decoding=\"async\" width=\"300\" height=\"212\" src=\"https:\/\/winnepola.pl\/wp-content\/uploads\/2022\/02\/logo-pfr-300x212.jpg\" class=\"attachment-medium size-medium wp-image-1354\" alt=\"\" srcset=\"https:\/\/winnepola.pl\/wp-content\/uploads\/2022\/02\/logo-pfr-300x212.jpg 300w, https:\/\/winnepola.pl\/wp-content\/uploads\/2022\/02\/logo-pfr-1024x724.jpg 1024w, https:\/\/winnepola.pl\/wp-content\/uploads\/2022\/02\/logo-pfr-768x543.jpg 768w, https:\/\/winnepola.pl\/wp-content\/uploads\/2022\/02\/logo-pfr-1536x1086.jpg 1536w, https:\/\/winnepola.pl\/wp-content\/uploads\/2022\/02\/logo-pfr-2048x1448.jpg 2048w\" sizes=\"(max-width: 300px) 100vw, 300px\" \/><\/div><\/a>\n\t\t\t\t<div class=\"elementor-post__badge\">About us<\/div>\n\t\t\t\t<div class=\"elementor-post__avatar\">\n\t\t\t\t\t<\/div>\n\t\t\t\t<div class=\"elementor-post__text\">\n\t\t\t\t<h3 class=\"elementor-post__title\">\n\t\t\t<a href=\"https:\/\/winnepola.pl\/en\/pfr-2-0\/\" >\n\t\t\t\tPFR 2.0\t\t\t<\/a>\n\t\t<\/h3>\n\t\t\t\t<div class=\"elementor-post__excerpt\">\n\t\t\t<p>Obowi\u0105zki informacyjne beneficjenta \u00a7 14 lit i) Regulaminu ubiegania si\u0119<\/p>\n\t\t<\/div>\n\t\t\n\t\t<a class=\"elementor-post__read-more\" href=\"https:\/\/winnepola.pl\/en\/pfr-2-0\/\" aria-label=\"Read more about PFR 2.0\" tabindex=\"-1\" >\n\t\t\tRead more &quot;\t\t<\/a>\n\n\t\t\t\t<\/div>\n\t\t\t\t<div class=\"elementor-post__meta-data\">\n\t\t\t\t\t<span class=\"elementor-post-date\">\n\t\t\t17 February 2022\t\t<\/span>\n\t\t\t\t<\/div>\n\t\t\t\t\t<\/div>\n\t\t<\/article>\n\t\t\t\t<article class=\"elementor-post elementor-grid-item post-1330 post type-post status-publish format-standard has-post-thumbnail hentry category-nowosci entry has-media\" role=\"listitem\">\n\t\t\t<div class=\"elementor-post__card\">\n\t\t\t\t<a class=\"elementor-post__thumbnail__link\" href=\"https:\/\/winnepola.pl\/en\/czerwiec-2020-jak-pazdziernik-1939\/\" tabindex=\"-1\" ><div class=\"elementor-post__thumbnail\"><img loading=\"lazy\" decoding=\"async\" width=\"300\" height=\"300\" src=\"https:\/\/winnepola.pl\/wp-content\/uploads\/2018\/04\/253885-P476TP-247-1-300x300.jpg\" class=\"attachment-medium size-medium wp-image-29\" alt=\"\" srcset=\"https:\/\/winnepola.pl\/wp-content\/uploads\/2018\/04\/253885-P476TP-247-1-300x300.jpg 300w, https:\/\/winnepola.pl\/wp-content\/uploads\/2018\/04\/253885-P476TP-247-1-768x771.jpg 768w, https:\/\/winnepola.pl\/wp-content\/uploads\/2018\/04\/253885-P476TP-247-1.jpg 1000w\" sizes=\"(max-width: 300px) 100vw, 300px\" \/><\/div><\/a>\n\t\t\t\t<div class=\"elementor-post__badge\">News<\/div>\n\t\t\t\t<div class=\"elementor-post__avatar\">\n\t\t\t\t\t<\/div>\n\t\t\t\t<div class=\"elementor-post__text\">\n\t\t\t\t<h3 class=\"elementor-post__title\">\n\t\t\t<a href=\"https:\/\/winnepola.pl\/en\/czerwiec-2020-jak-pazdziernik-1939\/\" >\n\t\t\t\tCZERWIEC 2020 jak pa\u017adziernik 1939\t\t\t<\/a>\n\t\t<\/h3>\n\t\t\t\t<div class=\"elementor-post__excerpt\">\n\t\t\t<p>Na \u0142amach czasopisma Biznes Restauracje &amp; Catering ukaza\u0142 si\u0119 artyku\u0142<\/p>\n\t\t<\/div>\n\t\t\n\t\t<a class=\"elementor-post__read-more\" href=\"https:\/\/winnepola.pl\/en\/czerwiec-2020-jak-pazdziernik-1939\/\" aria-label=\"Read more about CZERWIEC 2020 jak pa\u017adziernik 1939\" tabindex=\"-1\" >\n\t\t\tRead more &quot;\t\t<\/a>\n\n\t\t\t\t<\/div>\n\t\t\t\t<div class=\"elementor-post__meta-data\">\n\t\t\t\t\t<span class=\"elementor-post-date\">\n\t\t\t11 August 2020\t\t<\/span>\n\t\t\t\t<\/div>\n\t\t\t\t\t<\/div>\n\t\t<\/article>\n\t\t\t\t<article class=\"elementor-post elementor-grid-item post-1326 post type-post status-publish format-standard has-post-thumbnail hentry category-nowosci entry has-media\" role=\"listitem\">\n\t\t\t<div class=\"elementor-post__card\">\n\t\t\t\t<a class=\"elementor-post__thumbnail__link\" href=\"https:\/\/winnepola.pl\/en\/sprzedaz-dodatkowa-czyli-jak-sie-odkuc-po-covidzie\/\" tabindex=\"-1\" ><div class=\"elementor-post__thumbnail\"><img loading=\"lazy\" decoding=\"async\" width=\"300\" height=\"169\" src=\"https:\/\/winnepola.pl\/wp-content\/uploads\/2020\/07\/obraz-1-artyku\u0142-300x169.jpg\" class=\"attachment-medium size-medium wp-image-1327\" alt=\"\" srcset=\"https:\/\/winnepola.pl\/wp-content\/uploads\/2020\/07\/obraz-1-artyku\u0142-300x169.jpg 300w, https:\/\/winnepola.pl\/wp-content\/uploads\/2020\/07\/obraz-1-artyku\u0142-1024x576.jpg 1024w, https:\/\/winnepola.pl\/wp-content\/uploads\/2020\/07\/obraz-1-artyku\u0142-768x432.jpg 768w, https:\/\/winnepola.pl\/wp-content\/uploads\/2020\/07\/obraz-1-artyku\u0142-1536x864.jpg 1536w, https:\/\/winnepola.pl\/wp-content\/uploads\/2020\/07\/obraz-1-artyku\u0142.jpg 1920w\" sizes=\"(max-width: 300px) 100vw, 300px\" \/><\/div><\/a>\n\t\t\t\t<div class=\"elementor-post__badge\">News<\/div>\n\t\t\t\t<div class=\"elementor-post__avatar\">\n\t\t\t\t\t<\/div>\n\t\t\t\t<div class=\"elementor-post__text\">\n\t\t\t\t<h3 class=\"elementor-post__title\">\n\t\t\t<a href=\"https:\/\/winnepola.pl\/en\/sprzedaz-dodatkowa-czyli-jak-sie-odkuc-po-covidzie\/\" >\n\t\t\t\tSPRZEDA\u017b DODATKOWA CZYLI: \u201eJAK SI\u0118 ODKU\u0106 PO COVIDZIE\u201d!\t\t\t<\/a>\n\t\t<\/h3>\n\t\t\t\t<div class=\"elementor-post__excerpt\">\n\t\t\t<p>SPRZEDA\u017b DODATKOWA CZYLI: \u201eJAK SI\u0118 ODKU\u0106 PO COVIDZIE\u201d! 2020-07-14 admin<\/p>\n\t\t<\/div>\n\t\t\n\t\t<a class=\"elementor-post__read-more\" href=\"https:\/\/winnepola.pl\/en\/sprzedaz-dodatkowa-czyli-jak-sie-odkuc-po-covidzie\/\" aria-label=\"Read more about SPRZEDA\u017b DODATKOWA CZYLI: \u201eJAK SI\u0118 ODKU\u0106 PO COVIDZIE\u201d!\" tabindex=\"-1\" >\n\t\t\tRead more &quot;\t\t<\/a>\n\n\t\t\t\t<\/div>\n\t\t\t\t<div class=\"elementor-post__meta-data\">\n\t\t\t\t\t<span class=\"elementor-post-date\">\n\t\t\t30 July 2020\t\t<\/span>\n\t\t\t\t<\/div>\n\t\t\t\t\t<\/div>\n\t\t<\/article>\n\t\t\t\t<article class=\"elementor-post elementor-grid-item post-1308 post type-post status-publish format-standard has-post-thumbnail hentry category-o-nas entry has-media\" role=\"listitem\">\n\t\t\t<div class=\"elementor-post__card\">\n\t\t\t\t<a class=\"elementor-post__thumbnail__link\" href=\"https:\/\/winnepola.pl\/en\/1308-2\/\" tabindex=\"-1\" ><div class=\"elementor-post__thumbnail\"><img loading=\"lazy\" decoding=\"async\" width=\"300\" height=\"251\" src=\"https:\/\/winnepola.pl\/wp-content\/uploads\/2020\/04\/FREE-300x251.jpg\" class=\"attachment-medium size-medium wp-image-1316\" alt=\"\" srcset=\"https:\/\/winnepola.pl\/wp-content\/uploads\/2020\/04\/FREE-300x251.jpg 300w, https:\/\/winnepola.pl\/wp-content\/uploads\/2020\/04\/FREE-768x644.jpg 768w, https:\/\/winnepola.pl\/wp-content\/uploads\/2020\/04\/FREE.jpg 940w\" sizes=\"(max-width: 300px) 100vw, 300px\" \/><\/div><\/a>\n\t\t\t\t<div class=\"elementor-post__badge\">About us<\/div>\n\t\t\t\t<div class=\"elementor-post__avatar\">\n\t\t\t\t\t<\/div>\n\t\t\t\t<div class=\"elementor-post__text\">\n\t\t\t\t<h3 class=\"elementor-post__title\">\n\t\t\t<a href=\"https:\/\/winnepola.pl\/en\/1308-2\/\" >\n\t\t\t\tPOMAGAJMY\t\t\t<\/a>\n\t\t<\/h3>\n\t\t\t\t<div class=\"elementor-post__excerpt\">\n\t\t\t<p>W tym szczeg\u00f3lnym czasie, kt\u00f3ry dotkn\u0105\u0142 wszystkich, nie mogli\u015bmy pozosta\u0107<\/p>\n\t\t<\/div>\n\t\t\n\t\t<a class=\"elementor-post__read-more\" href=\"https:\/\/winnepola.pl\/en\/1308-2\/\" aria-label=\"Read more about POMAGAJMY\" tabindex=\"-1\" >\n\t\t\tRead more &quot;\t\t<\/a>\n\n\t\t\t\t<\/div>\n\t\t\t\t<div class=\"elementor-post__meta-data\">\n\t\t\t\t\t<span class=\"elementor-post-date\">\n\t\t\t7 April 2020\t\t<\/span>\n\t\t\t\t<\/div>\n\t\t\t\t\t<\/div>\n\t\t<\/article>\n\t\t\t\t<\/div>\n\t\t\n\t\t\t\t<div class=\"e-load-more-anchor\" data-page=\"1\" data-max-page=\"8\" data-next-page=\"https:\/\/winnepola.pl\/en\/wp-json\/wp\/v2\/pages\/136\/page\/2\/\"><\/div>\n\t\t\t\t<nav class=\"elementor-pagination\" aria-label=\"Pagination\">\n\t\t\t<span class=\"page-numbers prev\">\u00abPrevious<\/span>\n<span aria-current=\"page\" class=\"page-numbers current\"><span class=\"elementor-screen-only\">Page<\/span>1<\/span>\n<a class=\"page-numbers\" href=\"https:\/\/winnepola.pl\/en\/wp-json\/wp\/v2\/pages\/136\/page\/2\/\"><span class=\"elementor-screen-only\">Page<\/span>2<\/a>\n<a class=\"page-numbers\" href=\"https:\/\/winnepola.pl\/en\/wp-json\/wp\/v2\/pages\/136\/page\/3\/\"><span class=\"elementor-screen-only\">Page<\/span>3<\/a>\n<span class=\"page-numbers dots\">&hellip;<\/span>\n<a class=\"page-numbers\" href=\"https:\/\/winnepola.pl\/en\/wp-json\/wp\/v2\/pages\/136\/page\/5\/\"><span class=\"elementor-screen-only\">Page<\/span>5<\/a>\n<a class=\"page-numbers next\" href=\"https:\/\/winnepola.pl\/en\/wp-json\/wp\/v2\/pages\/136\/page\/2\/\">Next \"<\/a>\t\t<\/nav>\n\t\t\t\t\t\t<\/div>\n\t\t\t\t<\/div>\n\t\t\t\t\t<\/div>\n\t\t<\/div>\n\t\t\t\t\t<\/div>\n\t\t<\/section>\n\t\t\t\t<section class=\"elementor-section elementor-top-section elementor-element elementor-element-15d0dd46 elementor-section-boxed elementor-section-height-default elementor-section-height-default\" data-id=\"15d0dd46\" data-element_type=\"section\" data-e-type=\"section\" data-settings=\"{&quot;background_background&quot;:&quot;classic&quot;}\">\n\t\t\t\t\t\t<div class=\"elementor-container elementor-column-gap-default\">\n\t\t\t\t\t<div class=\"elementor-column elementor-col-100 elementor-top-column elementor-element elementor-element-25dfb118\" data-id=\"25dfb118\" data-element_type=\"column\" data-e-type=\"column\">\n\t\t\t<div class=\"elementor-widget-wrap elementor-element-populated\">\n\t\t\t\t\t\t<div class=\"elementor-element elementor-element-5f7f25d9 elementor-widget elementor-widget-heading\" data-id=\"5f7f25d9\" data-element_type=\"widget\" data-e-type=\"widget\" data-widget_type=\"heading.default\">\n\t\t\t\t<div class=\"elementor-widget-container\">\n\t\t\t\t\t<h3 class=\"elementor-heading-title elementor-size-default\">Stay updated<\/h3>\t\t\t\t<\/div>\n\t\t\t\t<\/div>\n\t\t\t\t<div class=\"elementor-element elementor-element-4a9d47d3 elementor-widget elementor-widget-heading\" data-id=\"4a9d47d3\" data-element_type=\"widget\" data-e-type=\"widget\" data-widget_type=\"heading.default\">\n\t\t\t\t<div class=\"elementor-widget-container\">\n\t\t\t\t\t<p class=\"elementor-heading-title elementor-size-default\">Follow our online activities<\/p>\t\t\t\t<\/div>\n\t\t\t\t<\/div>\n\t\t\t\t<div class=\"elementor-element elementor-element-284be9c9 elementor-shape-rounded elementor-grid-0 e-grid-align-center elementor-widget elementor-widget-social-icons\" data-id=\"284be9c9\" data-element_type=\"widget\" data-e-type=\"widget\" data-widget_type=\"social-icons.default\">\n\t\t\t\t<div class=\"elementor-widget-container\">\n\t\t\t\t\t\t\t<div class=\"elementor-social-icons-wrapper elementor-grid\" role=\"list\">\n\t\t\t\t\t\t\t<span class=\"elementor-grid-item\" role=\"listitem\">\n\t\t\t\t\t<a class=\"elementor-icon elementor-social-icon elementor-social-icon-facebook-f elementor-animation-shrink elementor-repeater-item-540fa57\" href=\"https:\/\/www.facebook.com\/Winne-Pola-dostawca-win-do-najlepszych-restauracji-201330349901322\/\" target=\"_blank\">\n\t\t\t\t\t\t<span class=\"elementor-screen-only\">Facebook-f<\/span>\n\t\t\t\t\t\t<i aria-hidden=\"true\" class=\"fab fa-facebook-f\"><\/i>\t\t\t\t\t<\/a>\n\t\t\t\t<\/span>\n\t\t\t\t\t\t\t<span class=\"elementor-grid-item\" role=\"listitem\">\n\t\t\t\t\t<a class=\"elementor-icon elementor-social-icon elementor-social-icon-instagram elementor-animation-shrink elementor-repeater-item-225c9fe\" href=\"https:\/\/www.instagram.com\/winnepola\/\" target=\"_blank\">\n\t\t\t\t\t\t<span class=\"elementor-screen-only\">Instagram<\/span>\n\t\t\t\t\t\t<i aria-hidden=\"true\" class=\"fab fa-instagram\"><\/i>\t\t\t\t\t<\/a>\n\t\t\t\t<\/span>\n\t\t\t\t\t<\/div>\n\t\t\t\t\t\t<\/div>\n\t\t\t\t<\/div>\n\t\t\t\t\t<\/div>\n\t\t<\/div>\n\t\t\t\t\t<\/div>\n\t\t<\/section>\n\t\t\t\t<\/div>","protected":false},"excerpt":{"rendered":"<p>Aktualno\u015bci B\u0105d\u017a na bie\u017c\u0105co \u015aled\u017a nasze poczynania w internecie Facebook-f Instagram<\/p>","protected":false},"author":1,"featured_media":0,"parent":0,"menu_order":0,"comment_status":"closed","ping_status":"closed","template":"elementor_header_footer","meta":{"footnotes":""},"class_list":["post-136","page","type-page","status-publish","hentry","entry","has-media"],"_links":{"self":[{"href":"https:\/\/winnepola.pl\/en\/wp-json\/wp\/v2\/pages\/136","targetHints":{"allow":["GET"]}}],"collection":[{"href":"https:\/\/winnepola.pl\/en\/wp-json\/wp\/v2\/pages"}],"about":[{"href":"https:\/\/winnepola.pl\/en\/wp-json\/wp\/v2\/types\/page"}],"author":[{"embeddable":true,"href":"https:\/\/winnepola.pl\/en\/wp-json\/wp\/v2\/users\/1"}],"replies":[{"embeddable":true,"href":"https:\/\/winnepola.pl\/en\/wp-json\/wp\/v2\/comments?post=136"}],"version-history":[{"count":3,"href":"https:\/\/winnepola.pl\/en\/wp-json\/wp\/v2\/pages\/136\/revisions"}],"predecessor-version":[{"id":1563,"href":"https:\/\/winnepola.pl\/en\/wp-json\/wp\/v2\/pages\/136\/revisions\/1563"}],"wp:attachment":[{"href":"https:\/\/winnepola.pl\/en\/wp-json\/wp\/v2\/media?parent=136"}],"curies":[{"name":"wp","href":"https:\/\/api.w.org\/{rel}","templated":true}]}}